{"id":38,"date":"2025-09-23T08:15:51","date_gmt":"2025-09-23T06:15:51","guid":{"rendered":"https:\/\/bpmkonsult.se\/?page_id=38"},"modified":"2025-10-23T23:45:02","modified_gmt":"2025-10-23T21:45:02","slug":"kontakt","status":"publish","type":"page","link":"https:\/\/bpmkonsult.se\/sv\/kontakt\/","title":{"rendered":"Kontakt"},"content":{"rendered":"\n<h2 class=\"wp-block-heading has-text-align-center has-large-font-size\">Tveka inte att kontakta oss f\u00f6r personlig r\u00e5dgivning.<\/h2>\n\n\n\n<p class=\"has-text-align-center has-medium-font-size\"><strong>V\u00e4stra J\u00e4rnv\u00e4gsgatan 3, 9 tr<\/strong><\/p>\n\n\n\n<p class=\"has-text-align-center has-medium-font-size\" style=\"margin-top:0\">111 64 Stockholm<br>+46 08-592 522 00<\/p>\n\n\n\n<p><\/p>\n\n\n\n<div class=\"wp-block-group alignfull has-background-background-color has-background has-global-padding is-layout-constrained wp-container-core-group-is-layout-7276a2bb wp-block-group-is-layout-constrained\" style=\"margin-top:0;margin-bottom:0;padding-top:var(--wp--preset--spacing--60);padding-right:var(--wp--preset--spacing--30);padding-bottom:var(--wp--preset--spacing--60);padding-left:var(--wp--preset--spacing--30)\">\n<div class=\"wp-block-columns alignwide is-layout-flex wp-container-core-columns-is-layout-47c06fe3 wp-block-columns-is-layout-flex\">\n<div class=\"wp-block-column has-global-padding is-layout-constrained wp-container-core-column-is-layout-62b43ac0 wp-block-column-is-layout-constrained\" style=\"flex-basis:100%\">\n<div class=\"wp-block-group has-tertiary-background-color has-background has-global-padding is-layout-constrained wp-container-core-group-is-layout-6c3e0b03 wp-block-group-is-layout-constrained\" style=\"margin-top:0;margin-bottom:0;padding-top:0;padding-right:0px;padding-bottom:0;padding-left:0px\"><style id=\"wpforms-css-vars-67-block-28898a89-3a38-4549-bcf3-c99ca7df4560\">\n\t\t\t\t#wpforms-67.wpforms-block-28898a89-3a38-4549-bcf3-c99ca7df4560 {\n\t\t\t\t--wpforms-label-color: #262626;\n--wpforms-label-sublabel-color: #7f7f7f;\n--wpforms-label-error-color: #ff0000;\n--wpforms-page-break-color: #dddddd;\n--wpforms-field-border-radius: 10px;\n--wpforms-field-border-color: #cccccc;\n--wpforms-field-border-color-spare: #cccccc;\n--wpforms-field-text-color: #444444;\n--wpforms-button-border-style: solid;\n--wpforms-button-border-radius: 5px;\n--wpforms-button-background-color: #dddddd;\n--wpforms-button-text-color: #666666;\n--wpforms-button-border-color: #cccccc;\n--wpforms-field-size-input-height: 43px;\n--wpforms-field-size-input-spacing: 15px;\n--wpforms-field-size-font-size: 16px;\n--wpforms-field-size-line-height: 19px;\n--wpforms-field-size-padding-h: 14px;\n--wpforms-field-size-checkbox-size: 16px;\n--wpforms-field-size-sublabel-spacing: 5px;\n--wpforms-field-size-icon-size: 1;\n--wpforms-label-size-font-size: 14px;\n--wpforms-label-size-line-height: 17px;\n--wpforms-label-size-sublabel-font-size: 13px;\n--wpforms-label-size-sublabel-line-height: 16px;\n--wpforms-button-size-font-size: 17px;\n--wpforms-button-size-height: 41px;\n--wpforms-button-size-padding-h: 15px;\n--wpforms-button-size-margin-top: 10px;\n\t\t\t}\n\t\t\t<\/style><div class=\"wpforms-container wpforms-container-full wpforms-block wpforms-block-28898a89-3a38-4549-bcf3-c99ca7df4560 wpforms-render-modern\" id=\"wpforms-67\"><form id=\"wpforms-form-67\" class=\"wpforms-validate wpforms-form\" data-formid=\"67\" method=\"post\" enctype=\"multipart\/form-data\" action=\"\/sv\/wp-json\/wp\/v2\/pages\/38\" data-token=\"8e53c5dcc303e0c46163c285e5baa36d\" data-token-time=\"1777569219\"><noscript class=\"wpforms-error-noscript\">Aktivera JavaScript i din webbl\u00e4sare f\u00f6r att fylla i formul\u00e4ret.<\/noscript><div id=\"wpforms-error-noscript\" style=\"display: none;\">Aktivera JavaScript i din webbl\u00e4sare f\u00f6r att fylla i formul\u00e4ret.<\/div><div class=\"wpforms-field-container\"><div id=\"wpforms-67-field_1-container\" class=\"wpforms-field wpforms-field-select wpforms-field-select-style-classic\" data-field-id=\"1\"><label class=\"wpforms-field-label\" for=\"wpforms-67-field_1\">Omr\u00e5de<\/label><select id=\"wpforms-67-field_1\" class=\"wpforms-field-medium\" name=\"wpforms[fields][1]\"><option value=\"Digitala tvillingar\"  class=\"choice-1 depth-1\"  >Digitala tvillingar<\/option><option value=\"AI\"  class=\"choice-2 depth-1\"  >AI<\/option><option value=\"Digitalisering\"  class=\"choice-3 depth-1\"  >Digitalisering<\/option><option value=\"Support\"  class=\"choice-4 depth-1\"  >Support<\/option><option value=\"Boka m\u00f6te\"  class=\"choice-5 depth-1\"  >Boka m\u00f6te<\/option><\/select><\/div><div id=\"wpforms-67-field_2-container\" class=\"wpforms-field wpforms-field-text\" data-field-id=\"2\"><label class=\"wpforms-field-label\" for=\"wpforms-67-field_2\">Rubrik<\/label><input type=\"text\" id=\"wpforms-67-field_2\" class=\"wpforms-field-medium\" name=\"wpforms[fields][2]\" aria-errormessage=\"wpforms-67-field_2-error\" ><\/div><div id=\"wpforms-67-field_3-container\" class=\"wpforms-field wpforms-field-textarea\" data-field-id=\"3\"><label class=\"wpforms-field-label\" for=\"wpforms-67-field_3\">Beskrivning av \u00e4rendet<\/label><textarea id=\"wpforms-67-field_3\" class=\"wpforms-field-medium\" name=\"wpforms[fields][3]\" aria-errormessage=\"wpforms-67-field_3-error\" ><\/textarea><\/div>\t\t<div id=\"wpforms-67-field_6-container\"\n\t\t\tclass=\"wpforms-field wpforms-field-text\"\n\t\t\tdata-field-type=\"text\"\n\t\t\tdata-field-id=\"6\"\n\t\t\t>\n\t\t\t<label class=\"wpforms-field-label\" for=\"wpforms-67-field_6\" >Mejladress Rubrik Ditt<\/label>\n\t\t\t<input type=\"text\" id=\"wpforms-67-field_6\" class=\"wpforms-field-medium\" name=\"wpforms[fields][6]\" >\n\t\t<\/div>\n\t\t<div id=\"wpforms-67-field_4-container\" class=\"wpforms-field wpforms-field-text\" data-field-id=\"4\"><label class=\"wpforms-field-label\" for=\"wpforms-67-field_4\">Ditt namn<\/label><input type=\"text\" id=\"wpforms-67-field_4\" class=\"wpforms-field-medium\" name=\"wpforms[fields][4]\" aria-errormessage=\"wpforms-67-field_4-error\" ><\/div><div id=\"wpforms-67-field_5-container\" class=\"wpforms-field wpforms-field-email\" data-field-id=\"5\"><label class=\"wpforms-field-label\" for=\"wpforms-67-field_5\">Mejladress<\/label><input type=\"email\" id=\"wpforms-67-field_5\" class=\"wpforms-field-medium\" name=\"wpforms[fields][5]\" spellcheck=\"false\" aria-errormessage=\"wpforms-67-field_5-error\" ><\/div><script>\n\t\t\t\t( function() {\n\t\t\t\t\tconst style = document.createElement( 'style' );\n\t\t\t\t\tstyle.appendChild( document.createTextNode( '#wpforms-67-field_6-container { position: absolute !important; overflow: hidden !important; display: inline !important; height: 1px !important; width: 1px !important; z-index: -1000 !important; padding: 0 !important; } #wpforms-67-field_6-container input { visibility: hidden; } #wpforms-conversational-form-page #wpforms-67-field_6-container label { counter-increment: none; }' ) );\n\t\t\t\t\tdocument.head.appendChild( style );\n\t\t\t\t\tdocument.currentScript?.remove();\n\t\t\t\t} )();\n\t\t\t<\/script><\/div><!-- .wpforms-field-container --><div class=\"wpforms-submit-container\" ><input type=\"hidden\" name=\"wpforms[id]\" value=\"67\"><input type=\"hidden\" name=\"page_title\" value=\"\"><input type=\"hidden\" name=\"page_url\" value=\"https:\/\/bpmkonsult.se\/sv\/wp-json\/wp\/v2\/pages\/38\"><input type=\"hidden\" name=\"url_referer\" value=\"\"><button type=\"submit\" name=\"wpforms[submit]\" id=\"wpforms-submit-67\" class=\"wpforms-submit\" data-alt-text=\"Skickar \u2026\" data-submit-text=\"Skicka\" aria-live=\"assertive\" value=\"wpforms-submit\">Skicka<\/button><\/div><\/form><\/div>  <!-- .wpforms-container --><\/div>\n<\/div>\n<\/div>\n<\/div>\n\n\n\n<div class=\"wp-block-group alignfull has-tertiary-background-color has-background has-global-padding is-layout-constrained wp-container-core-group-is-layout-7276a2bb wp-block-group-is-layout-constrained\" style=\"margin-top:0;margin-bottom:0;padding-top:var(--wp--preset--spacing--60);padding-right:var(--wp--preset--spacing--30);padding-bottom:var(--wp--preset--spacing--60);padding-left:var(--wp--preset--spacing--30)\">\n<div class=\"wp-block-group alignwide is-vertical is-layout-flex wp-container-core-group-is-layout-fe9cc265 wp-block-group-is-layout-flex\">\n<div class=\"wp-block-group alignwide has-global-padding is-content-justification-center is-layout-constrained wp-block-group-is-layout-constrained\">\n<h2 class=\"wp-block-heading has-large-font-size\">Hur kan vi hj\u00e4lpa dig idag?<\/h2>\n\n\n\n<p style=\"margin-top:16px\">H\u00e4r hittar du svar p\u00e5 de vanligaste fr\u00e5gorna f\u00f6r att underl\u00e4tta din kontakt med oss.<\/p>\n<\/div>\n<\/div>\n\n\n\n<div class=\"wp-block-columns alignwide is-layout-flex wp-container-core-columns-is-layout-47c06fe3 wp-block-columns-is-layout-flex\">\n<div class=\"wp-block-column is-layout-flow wp-container-core-column-is-layout-119bc444 wp-block-column-is-layout-flow\">\n<div class=\"wp-block-group is-nowrap is-layout-flex wp-container-core-group-is-layout-6a90dc5c wp-block-group-is-layout-flex\">\n<figure class=\"wp-block-image size-large wp-duotone-primary-foreground\"><img decoding=\"async\" src=\"data:image\/svg+xml;base64,PHN2ZyB4bWxucz0iaHR0cDovL3d3dy53My5vcmcvMjAwMC9zdmciIHdpZHRoPSI0OCIgaGVpZ2h0PSI0OCIgZmlsbD0ibm9uZSIgdmlld0JveD0iMCAwIDQ4IDQ4Ij48bWFzayBpZD0iYSIgd2lkdGg9IjQ4IiBoZWlnaHQ9IjQ4IiB4PSIwIiB5PSIwIiBtYXNrVW5pdHM9InVzZXJTcGFjZU9uVXNlIiBzdHlsZT0ibWFzay10eXBlOmFscGhhIj48cGF0aCBmaWxsPSIjRDlEOUQ5IiBkPSJNMCAwaDQ4djQ4SDB6Ii8+PC9tYXNrPjxnIG1hc2s9InVybCgjYSkiPjxwYXRoIGZpbGw9IiM1RjYzNjgiIGQ9Ik0yNC4yIDM1LjY1Yy41MzMgMCAuOTgzLS4xODMgMS4zNS0uNTUuMzY3LS4zNjcuNTUtLjgxNy41NS0xLjM1IDAtLjUzMy0uMTgzLS45ODMtLjU1LTEuMzVhMS44MzUgMS44MzUgMCAwIDAtMS4zNS0uNTVjLS41MzMgMC0uOTgzLjE4My0xLjM1LjU1LS4zNjcuMzY3LS41NS44MTctLjU1IDEuMzUgMCAuNTMzLjE4My45ODMuNTUgMS4zNS4zNjcuMzY3LjgxNy41NSAxLjM1LjU1Wm0tMS43NS03LjNoMi45NWMwLS44NjcuMTA4LTEuNjU4LjMyNS0yLjM3NS4yMTctLjcxNy44OTItMS41NDIgMi4wMjUtMi40NzUgMS4wMzMtLjg2NyAxLjc2Ny0xLjcxNyAyLjItMi41NS40MzMtLjgzMy42NS0xLjc1LjY1LTIuNzUgMC0xLjc2Ny0uNTc1LTMuMTgzLTEuNzI1LTQuMjUtMS4xNS0xLjA2Ny0yLjY3NS0xLjYtNC41NzUtMS42LTEuNjMzIDAtMy4wNzUuNDA4LTQuMzI1IDEuMjI1LTEuMjUuODE3LTIuMTU4IDEuOTQyLTIuNzI1IDMuMzc1bDIuNjUgMWMuMzY3LS45MzMuOTE3LTEuNjU4IDEuNjUtMi4xNzUuNzMzLS41MTcgMS42LS43NzUgMi42LS43NzUgMS4xMzMgMCAyLjA1LjMwOCAyLjc1LjkyNS43LjYxNyAxLjA1IDEuNDA4IDEuMDUgMi4zNzUgMCAuNzMzLS4yMTcgMS40MjUtLjY1IDIuMDc1LS40MzMuNjUtMS4wNjcgMS4zMjUtMS45IDIuMDI1LTEgLjg2Ny0xLjc0MiAxLjcyNS0yLjIyNSAyLjU3NS0uNDgzLjg1LS43MjUgMS45NzUtLjcyNSAzLjM3NVpNMjQgNDRjLTIuNzMzIDAtNS4zMTctLjUyNS03Ljc1LTEuNTc1LTIuNDMzLTEuMDUtNC41NTgtMi40ODMtNi4zNzUtNC4zLTEuODE3LTEuODE3LTMuMjUtMy45NDItNC4zLTYuMzc1QzQuNTI1IDI5LjMxNyA0IDI2LjczMyA0IDI0YzAtMi43NjcuNTI1LTUuMzY3IDEuNTc1LTcuOCAxLjA1LTIuNDMzIDIuNDgzLTQuNTUgNC4zLTYuMzUgMS44MTctMS44IDMuOTQyLTMuMjI1IDYuMzc1LTQuMjc1QzE4LjY4MyA0LjUyNSAyMS4yNjcgNCAyNCA0YzIuNzY3IDAgNS4zNjcuNTI1IDcuOCAxLjU3NSAyLjQzMyAxLjA1IDQuNTUgMi40NzUgNi4zNSA0LjI3NSAxLjggMS44IDMuMjI1IDMuOTE3IDQuMjc1IDYuMzVDNDMuNDc1IDE4LjYzMyA0NCAyMS4yMzMgNDQgMjRjMCAyLjczMy0uNTI1IDUuMzE3LTEuNTc1IDcuNzUtMS4wNSAyLjQzMy0yLjQ3NSA0LjU1OC00LjI3NSA2LjM3NS0xLjggMS44MTctMy45MTcgMy4yNS02LjM1IDQuM0MyOS4zNjcgNDMuNDc1IDI2Ljc2NyA0NCAyNCA0NFptMC0zYzQuNzMzIDAgOC43NS0xLjY1OCAxMi4wNS00Ljk3NUMzOS4zNSAzMi43MDggNDEgMjguNyA0MSAyNGMwLTQuNzMzLTEuNjUtOC43NS00Ljk1LTEyLjA1QzMyLjc1IDguNjUgMjguNzMzIDcgMjQgN2MtNC43IDAtOC43MDggMS42NS0xMi4wMjUgNC45NUM4LjY1OCAxNS4yNSA3IDE5LjI2NyA3IDI0YzAgNC43IDEuNjU4IDguNzA4IDQuOTc1IDEyLjAyNUMxNS4yOTIgMzkuMzQyIDE5LjMgNDEgMjQgNDFaIi8+PC9nPjwvc3ZnPg==\" alt=\"\" style=\"object-fit:cover\"\/><\/figure>\n\n\n\n<div class=\"wp-block-group wp-container-content-958eb9dc has-global-padding is-layout-constrained wp-block-group-is-layout-constrained\">\n<h4 class=\"wp-block-heading\" style=\"font-size:clamp(14px, 0.875rem + ((1vw - 3.2px) * 0.625), 20px);line-height:1.5\">Hur n\u00e5r jag BPM Konsult f\u00f6r r\u00e5dgivning?<\/h4>\n\n\n\n<p class=\"has-small-font-size\" style=\"margin-top:4px\">Du kan enkelt kontakta oss genom formul\u00e4ret nedan eller via e-post.<\/p>\n<\/div>\n<\/div>\n\n\n\n<div class=\"wp-block-group is-nowrap is-layout-flex wp-container-core-group-is-layout-6a90dc5c wp-block-group-is-layout-flex\">\n<figure class=\"wp-block-image size-large wp-duotone-primary-foreground\"><img decoding=\"async\" src=\"data:image\/svg+xml;base64,PHN2ZyB4bWxucz0iaHR0cDovL3d3dy53My5vcmcvMjAwMC9zdmciIHdpZHRoPSI0OCIgaGVpZ2h0PSI0OCIgZmlsbD0ibm9uZSIgdmlld0JveD0iMCAwIDQ4IDQ4Ij48bWFzayBpZD0iYSIgd2lkdGg9IjQ4IiBoZWlnaHQ9IjQ4IiB4PSIwIiB5PSIwIiBtYXNrVW5pdHM9InVzZXJTcGFjZU9uVXNlIiBzdHlsZT0ibWFzay10eXBlOmFscGhhIj48cGF0aCBmaWxsPSIjRDlEOUQ5IiBkPSJNMCAwaDQ4djQ4SDB6Ii8+PC9tYXNrPjxnIG1hc2s9InVybCgjYSkiPjxwYXRoIGZpbGw9IiM1RjYzNjgiIGQ9Ik0yNC4yIDM1LjY1Yy41MzMgMCAuOTgzLS4xODMgMS4zNS0uNTUuMzY3LS4zNjcuNTUtLjgxNy41NS0xLjM1IDAtLjUzMy0uMTgzLS45ODMtLjU1LTEuMzVhMS44MzUgMS44MzUgMCAwIDAtMS4zNS0uNTVjLS41MzMgMC0uOTgzLjE4My0xLjM1LjU1LS4zNjcuMzY3LS41NS44MTctLjU1IDEuMzUgMCAuNTMzLjE4My45ODMuNTUgMS4zNS4zNjcuMzY3LjgxNy41NSAxLjM1LjU1Wm0tMS43NS03LjNoMi45NWMwLS44NjcuMTA4LTEuNjU4LjMyNS0yLjM3NS4yMTctLjcxNy44OTItMS41NDIgMi4wMjUtMi40NzUgMS4wMzMtLjg2NyAxLjc2Ny0xLjcxNyAyLjItMi41NS40MzMtLjgzMy42NS0xLjc1LjY1LTIuNzUgMC0xLjc2Ny0uNTc1LTMuMTgzLTEuNzI1LTQuMjUtMS4xNS0xLjA2Ny0yLjY3NS0xLjYtNC41NzUtMS42LTEuNjMzIDAtMy4wNzUuNDA4LTQuMzI1IDEuMjI1LTEuMjUuODE3LTIuMTU4IDEuOTQyLTIuNzI1IDMuMzc1bDIuNjUgMWMuMzY3LS45MzMuOTE3LTEuNjU4IDEuNjUtMi4xNzUuNzMzLS41MTcgMS42LS43NzUgMi42LS43NzUgMS4xMzMgMCAyLjA1LjMwOCAyLjc1LjkyNS43LjYxNyAxLjA1IDEuNDA4IDEuMDUgMi4zNzUgMCAuNzMzLS4yMTcgMS40MjUtLjY1IDIuMDc1LS40MzMuNjUtMS4wNjcgMS4zMjUtMS45IDIuMDI1LTEgLjg2Ny0xLjc0MiAxLjcyNS0yLjIyNSAyLjU3NS0uNDgzLjg1LS43MjUgMS45NzUtLjcyNSAzLjM3NVpNMjQgNDRjLTIuNzMzIDAtNS4zMTctLjUyNS03Ljc1LTEuNTc1LTIuNDMzLTEuMDUtNC41NTgtMi40ODMtNi4zNzUtNC4zLTEuODE3LTEuODE3LTMuMjUtMy45NDItNC4zLTYuMzc1QzQuNTI1IDI5LjMxNyA0IDI2LjczMyA0IDI0YzAtMi43NjcuNTI1LTUuMzY3IDEuNTc1LTcuOCAxLjA1LTIuNDMzIDIuNDgzLTQuNTUgNC4zLTYuMzUgMS44MTctMS44IDMuOTQyLTMuMjI1IDYuMzc1LTQuMjc1QzE4LjY4MyA0LjUyNSAyMS4yNjcgNCAyNCA0YzIuNzY3IDAgNS4zNjcuNTI1IDcuOCAxLjU3NSAyLjQzMyAxLjA1IDQuNTUgMi40NzUgNi4zNSA0LjI3NSAxLjggMS44IDMuMjI1IDMuOTE3IDQuMjc1IDYuMzVDNDMuNDc1IDE4LjYzMyA0NCAyMS4yMzMgNDQgMjRjMCAyLjczMy0uNTI1IDUuMzE3LTEuNTc1IDcuNzUtMS4wNSAyLjQzMy0yLjQ3NSA0LjU1OC00LjI3NSA2LjM3NS0xLjggMS44MTctMy45MTcgMy4yNS02LjM1IDQuM0MyOS4zNjcgNDMuNDc1IDI2Ljc2NyA0NCAyNCA0NFptMC0zYzQuNzMzIDAgOC43NS0xLjY1OCAxMi4wNS00Ljk3NUMzOS4zNSAzMi43MDggNDEgMjguNyA0MSAyNGMwLTQuNzMzLTEuNjUtOC43NS00Ljk1LTEyLjA1QzMyLjc1IDguNjUgMjguNzMzIDcgMjQgN2MtNC43IDAtOC43MDggMS42NS0xMi4wMjUgNC45NUM4LjY1OCAxNS4yNSA3IDE5LjI2NyA3IDI0YzAgNC43IDEuNjU4IDguNzA4IDQuOTc1IDEyLjAyNUMxNS4yOTIgMzkuMzQyIDE5LjMgNDEgMjQgNDFaIi8+PC9nPjwvc3ZnPg==\" alt=\"\" style=\"object-fit:cover\"\/><\/figure>\n\n\n\n<div class=\"wp-block-group wp-container-content-958eb9dc has-global-padding is-layout-constrained wp-block-group-is-layout-constrained\">\n<h4 class=\"wp-block-heading\" style=\"font-size:clamp(14px, 0.875rem + ((1vw - 3.2px) * 0.625), 20px);line-height:1.5\">Vilka \u00e4r era \u00f6ppettider f\u00f6r kundtj\u00e4nst?<\/h4>\n\n\n\n<p class=\"has-small-font-size\" style=\"margin-top:4px\">Vi har \u00f6ppet vardagar mellan 9.00 och 17.00.<\/p>\n<\/div>\n<\/div>\n<\/div>\n\n\n\n<div class=\"wp-block-column is-layout-flow wp-container-core-column-is-layout-119bc444 wp-block-column-is-layout-flow\">\n<div class=\"wp-block-group is-nowrap is-layout-flex wp-container-core-group-is-layout-6a90dc5c wp-block-group-is-layout-flex\">\n<figure class=\"wp-block-image size-large wp-duotone-primary-foreground\"><img decoding=\"async\" src=\"data:image\/svg+xml;base64,PHN2ZyB4bWxucz0iaHR0cDovL3d3dy53My5vcmcvMjAwMC9zdmciIHdpZHRoPSI0OCIgaGVpZ2h0PSI0OCIgZmlsbD0ibm9uZSIgdmlld0JveD0iMCAwIDQ4IDQ4Ij48bWFzayBpZD0iYSIgd2lkdGg9IjQ4IiBoZWlnaHQ9IjQ4IiB4PSIwIiB5PSIwIiBtYXNrVW5pdHM9InVzZXJTcGFjZU9uVXNlIiBzdHlsZT0ibWFzay10eXBlOmFscGhhIj48cGF0aCBmaWxsPSIjRDlEOUQ5IiBkPSJNMCAwaDQ4djQ4SDB6Ii8+PC9tYXNrPjxnIG1hc2s9InVybCgjYSkiPjxwYXRoIGZpbGw9IiM1RjYzNjgiIGQ9Ik0yNC4yIDM1LjY1Yy41MzMgMCAuOTgzLS4xODMgMS4zNS0uNTUuMzY3LS4zNjcuNTUtLjgxNy41NS0xLjM1IDAtLjUzMy0uMTgzLS45ODMtLjU1LTEuMzVhMS44MzUgMS44MzUgMCAwIDAtMS4zNS0uNTVjLS41MzMgMC0uOTgzLjE4My0xLjM1LjU1LS4zNjcuMzY3LS41NS44MTctLjU1IDEuMzUgMCAuNTMzLjE4My45ODMuNTUgMS4zNS4zNjcuMzY3LjgxNy41NSAxLjM1LjU1Wm0tMS43NS03LjNoMi45NWMwLS44NjcuMTA4LTEuNjU4LjMyNS0yLjM3NS4yMTctLjcxNy44OTItMS41NDIgMi4wMjUtMi40NzUgMS4wMzMtLjg2NyAxLjc2Ny0xLjcxNyAyLjItMi41NS40MzMtLjgzMy42NS0xLjc1LjY1LTIuNzUgMC0xLjc2Ny0uNTc1LTMuMTgzLTEuNzI1LTQuMjUtMS4xNS0xLjA2Ny0yLjY3NS0xLjYtNC41NzUtMS42LTEuNjMzIDAtMy4wNzUuNDA4LTQuMzI1IDEuMjI1LTEuMjUuODE3LTIuMTU4IDEuOTQyLTIuNzI1IDMuMzc1bDIuNjUgMWMuMzY3LS45MzMuOTE3LTEuNjU4IDEuNjUtMi4xNzUuNzMzLS41MTcgMS42LS43NzUgMi42LS43NzUgMS4xMzMgMCAyLjA1LjMwOCAyLjc1LjkyNS43LjYxNyAxLjA1IDEuNDA4IDEuMDUgMi4zNzUgMCAuNzMzLS4yMTcgMS40MjUtLjY1IDIuMDc1LS40MzMuNjUtMS4wNjcgMS4zMjUtMS45IDIuMDI1LTEgLjg2Ny0xLjc0MiAxLjcyNS0yLjIyNSAyLjU3NS0uNDgzLjg1LS43MjUgMS45NzUtLjcyNSAzLjM3NVpNMjQgNDRjLTIuNzMzIDAtNS4zMTctLjUyNS03Ljc1LTEuNTc1LTIuNDMzLTEuMDUtNC41NTgtMi40ODMtNi4zNzUtNC4zLTEuODE3LTEuODE3LTMuMjUtMy45NDItNC4zLTYuMzc1QzQuNTI1IDI5LjMxNyA0IDI2LjczMyA0IDI0YzAtMi43NjcuNTI1LTUuMzY3IDEuNTc1LTcuOCAxLjA1LTIuNDMzIDIuNDgzLTQuNTUgNC4zLTYuMzUgMS44MTctMS44IDMuOTQyLTMuMjI1IDYuMzc1LTQuMjc1QzE4LjY4MyA0LjUyNSAyMS4yNjcgNCAyNCA0YzIuNzY3IDAgNS4zNjcuNTI1IDcuOCAxLjU3NSAyLjQzMyAxLjA1IDQuNTUgMi40NzUgNi4zNSA0LjI3NSAxLjggMS44IDMuMjI1IDMuOTE3IDQuMjc1IDYuMzVDNDMuNDc1IDE4LjYzMyA0NCAyMS4yMzMgNDQgMjRjMCAyLjczMy0uNTI1IDUuMzE3LTEuNTc1IDcuNzUtMS4wNSAyLjQzMy0yLjQ3NSA0LjU1OC00LjI3NSA2LjM3NS0xLjggMS44MTctMy45MTcgMy4yNS02LjM1IDQuM0MyOS4zNjcgNDMuNDc1IDI2Ljc2NyA0NCAyNCA0NFptMC0zYzQuNzMzIDAgOC43NS0xLjY1OCAxMi4wNS00Ljk3NUMzOS4zNSAzMi43MDggNDEgMjguNyA0MSAyNGMwLTQuNzMzLTEuNjUtOC43NS00Ljk1LTEyLjA1QzMyLjc1IDguNjUgMjguNzMzIDcgMjQgN2MtNC43IDAtOC43MDggMS42NS0xMi4wMjUgNC45NUM4LjY1OCAxNS4yNSA3IDE5LjI2NyA3IDI0YzAgNC43IDEuNjU4IDguNzA4IDQuOTc1IDEyLjAyNUMxNS4yOTIgMzkuMzQyIDE5LjMgNDEgMjQgNDFaIi8+PC9nPjwvc3ZnPg==\" alt=\"\" style=\"object-fit:cover\"\/><\/figure>\n\n\n\n<div class=\"wp-block-group wp-container-content-958eb9dc has-global-padding is-layout-constrained wp-block-group-is-layout-constrained\">\n<h4 class=\"wp-block-heading\" style=\"font-size:clamp(14px, 0.875rem + ((1vw - 3.2px) * 0.625), 20px);line-height:1.5\">Kan jag boka ett m\u00f6te p\u00e5 distans?<\/h4>\n\n\n\n<p class=\"has-small-font-size\" style=\"margin-top:4px\">Ja, vi erbjuder \u00e4ven digitala m\u00f6ten efter \u00f6verenskommelse.<\/p>\n<\/div>\n<\/div>\n\n\n\n<div class=\"wp-block-group is-nowrap is-layout-flex wp-container-core-group-is-layout-6a90dc5c wp-block-group-is-layout-flex\">\n<figure class=\"wp-block-image size-large wp-duotone-primary-foreground\"><img decoding=\"async\" src=\"data:image\/svg+xml;base64,PHN2ZyB4bWxucz0iaHR0cDovL3d3dy53My5vcmcvMjAwMC9zdmciIHdpZHRoPSI0OCIgaGVpZ2h0PSI0OCIgZmlsbD0ibm9uZSIgdmlld0JveD0iMCAwIDQ4IDQ4Ij48bWFzayBpZD0iYSIgd2lkdGg9IjQ4IiBoZWlnaHQ9IjQ4IiB4PSIwIiB5PSIwIiBtYXNrVW5pdHM9InVzZXJTcGFjZU9uVXNlIiBzdHlsZT0ibWFzay10eXBlOmFscGhhIj48cGF0aCBmaWxsPSIjRDlEOUQ5IiBkPSJNMCAwaDQ4djQ4SDB6Ii8+PC9tYXNrPjxnIG1hc2s9InVybCgjYSkiPjxwYXRoIGZpbGw9IiM1RjYzNjgiIGQ9Ik0yNC4yIDM1LjY1Yy41MzMgMCAuOTgzLS4xODMgMS4zNS0uNTUuMzY3LS4zNjcuNTUtLjgxNy41NS0xLjM1IDAtLjUzMy0uMTgzLS45ODMtLjU1LTEuMzVhMS44MzUgMS44MzUgMCAwIDAtMS4zNS0uNTVjLS41MzMgMC0uOTgzLjE4My0xLjM1LjU1LS4zNjcuMzY3LS41NS44MTctLjU1IDEuMzUgMCAuNTMzLjE4My45ODMuNTUgMS4zNS4zNjcuMzY3LjgxNy41NSAxLjM1LjU1Wm0tMS43NS03LjNoMi45NWMwLS44NjcuMTA4LTEuNjU4LjMyNS0yLjM3NS4yMTctLjcxNy44OTItMS41NDIgMi4wMjUtMi40NzUgMS4wMzMtLjg2NyAxLjc2Ny0xLjcxNyAyLjItMi41NS40MzMtLjgzMy42NS0xLjc1LjY1LTIuNzUgMC0xLjc2Ny0uNTc1LTMuMTgzLTEuNzI1LTQuMjUtMS4xNS0xLjA2Ny0yLjY3NS0xLjYtNC41NzUtMS42LTEuNjMzIDAtMy4wNzUuNDA4LTQuMzI1IDEuMjI1LTEuMjUuODE3LTIuMTU4IDEuOTQyLTIuNzI1IDMuMzc1bDIuNjUgMWMuMzY3LS45MzMuOTE3LTEuNjU4IDEuNjUtMi4xNzUuNzMzLS41MTcgMS42LS43NzUgMi42LS43NzUgMS4xMzMgMCAyLjA1LjMwOCAyLjc1LjkyNS43LjYxNyAxLjA1IDEuNDA4IDEuMDUgMi4zNzUgMCAuNzMzLS4yMTcgMS40MjUtLjY1IDIuMDc1LS40MzMuNjUtMS4wNjcgMS4zMjUtMS45IDIuMDI1LTEgLjg2Ny0xLjc0MiAxLjcyNS0yLjIyNSAyLjU3NS0uNDgzLjg1LS43MjUgMS45NzUtLjcyNSAzLjM3NVpNMjQgNDRjLTIuNzMzIDAtNS4zMTctLjUyNS03Ljc1LTEuNTc1LTIuNDMzLTEuMDUtNC41NTgtMi40ODMtNi4zNzUtNC4zLTEuODE3LTEuODE3LTMuMjUtMy45NDItNC4zLTYuMzc1QzQuNTI1IDI5LjMxNyA0IDI2LjczMyA0IDI0YzAtMi43NjcuNTI1LTUuMzY3IDEuNTc1LTcuOCAxLjA1LTIuNDMzIDIuNDgzLTQuNTUgNC4zLTYuMzUgMS44MTctMS44IDMuOTQyLTMuMjI1IDYuMzc1LTQuMjc1QzE4LjY4MyA0LjUyNSAyMS4yNjcgNCAyNCA0YzIuNzY3IDAgNS4zNjcuNTI1IDcuOCAxLjU3NSAyLjQzMyAxLjA1IDQuNTUgMi40NzUgNi4zNSA0LjI3NSAxLjggMS44IDMuMjI1IDMuOTE3IDQuMjc1IDYuMzVDNDMuNDc1IDE4LjYzMyA0NCAyMS4yMzMgNDQgMjRjMCAyLjczMy0uNTI1IDUuMzE3LTEuNTc1IDcuNzUtMS4wNSAyLjQzMy0yLjQ3NSA0LjU1OC00LjI3NSA2LjM3NS0xLjggMS44MTctMy45MTcgMy4yNS02LjM1IDQuM0MyOS4zNjcgNDMuNDc1IDI2Ljc2NyA0NCAyNCA0NFptMC0zYzQuNzMzIDAgOC43NS0xLjY1OCAxMi4wNS00Ljk3NUMzOS4zNSAzMi43MDggNDEgMjguNyA0MSAyNGMwLTQuNzMzLTEuNjUtOC43NS00Ljk1LTEyLjA1QzMyLjc1IDguNjUgMjguNzMzIDcgMjQgN2MtNC43IDAtOC43MDggMS42NS0xMi4wMjUgNC45NUM4LjY1OCAxNS4yNSA3IDE5LjI2NyA3IDI0YzAgNC43IDEuNjU4IDguNzA4IDQuOTc1IDEyLjAyNUMxNS4yOTIgMzkuMzQyIDE5LjMgNDEgMjQgNDFaIi8+PC9nPjwvc3ZnPg==\" alt=\"\" style=\"object-fit:cover\"\/><\/figure>\n\n\n\n<div class=\"wp-block-group wp-container-content-958eb9dc has-global-padding is-layout-constrained wp-block-group-is-layout-constrained\">\n<h4 class=\"wp-block-heading\" style=\"font-size:clamp(14px, 0.875rem + ((1vw - 3.2px) * 0.625), 20px);line-height:1.5\">Var finns ert kontor bel\u00e4get?<\/h4>\n\n\n\n<p class=\"has-small-font-size\" style=\"margin-top:4px\">V\u00e5rt kontor ligger centralt i Stockholm med goda kommunikationer.<\/p>\n<\/div>\n<\/div>\n<\/div>\n<\/div>\n<\/div>\n\n\n\n<div class=\"wp-block-group alignfull has-background-background-color has-background has-global-padding is-layout-constrained wp-container-core-group-is-layout-fb85e995 wp-block-group-is-layout-constrained\" style=\"margin-top:0;margin-bottom:0;padding-top:var(--wp--preset--spacing--60);padding-right:var(--wp--preset--spacing--30);padding-bottom:var(--wp--preset--spacing--60);padding-left:var(--wp--preset--spacing--30)\">\n<h2 class=\"wp-block-heading has-text-align-center has-large-font-size\">Kontakta oss f\u00f6r att b\u00f6rja samarbeta.<\/h2>\n\n\n\n<p class=\"has-text-align-center\" style=\"margin-top:16px\">H\u00e4r kan du enkelt skicka dina fr\u00e5gor och f\u00e5 snabb \u00e5terkoppling fr\u00e5n v\u00e5ra experter.<\/p>\n\n\n\n<div class=\"wp-block-buttons is-content-justification-center is-layout-flex wp-container-core-buttons-is-layout-720bcce9 wp-block-buttons-is-layout-flex\"><\/div>\n<\/div>\n","protected":false},"excerpt":{"rendered":"<p>Tveka inte att kontakta oss f\u00f6r personlig r\u00e5dgivning. V\u00e4stra J\u00e4rnv\u00e4gsgatan 3, 9 tr 111 64 Stockholm+46 08-592 522 00 Hur kan vi hj\u00e4lpa dig idag? H\u00e4r hittar du svar p\u00e5 de vanligaste fr\u00e5gorna f\u00f6r att underl\u00e4tta din kontakt med oss. Hur n\u00e5r jag BPM Konsult f\u00f6r r\u00e5dgivning? Du kan enkelt kontakta oss genom formul\u00e4ret nedan [&hellip;]<\/p>\n","protected":false},"author":2,"featured_media":0,"parent":0,"menu_order":0,"comment_status":"closed","ping_status":"closed","template":"","meta":{"om_disable_all_campaigns":false,"_monsterinsights_skip_tracking":false,"_monsterinsights_sitenote_active":false,"_monsterinsights_sitenote_note":"","_monsterinsights_sitenote_category":0,"footnotes":""},"class_list":["post-38","page","type-page","status-publish","hentry"],"aioseo_notices":[],"_links":{"self":[{"href":"https:\/\/bpmkonsult.se\/sv\/wp-json\/wp\/v2\/pages\/38","targetHints":{"allow":["GET"]}}],"collection":[{"href":"https:\/\/bpmkonsult.se\/sv\/wp-json\/wp\/v2\/pages"}],"about":[{"href":"https:\/\/bpmkonsult.se\/sv\/wp-json\/wp\/v2\/types\/page"}],"author":[{"embeddable":true,"href":"https:\/\/bpmkonsult.se\/sv\/wp-json\/wp\/v2\/users\/2"}],"replies":[{"embeddable":true,"href":"https:\/\/bpmkonsult.se\/sv\/wp-json\/wp\/v2\/comments?post=38"}],"version-history":[{"count":7,"href":"https:\/\/bpmkonsult.se\/sv\/wp-json\/wp\/v2\/pages\/38\/revisions"}],"predecessor-version":[{"id":110,"href":"https:\/\/bpmkonsult.se\/sv\/wp-json\/wp\/v2\/pages\/38\/revisions\/110"}],"wp:attachment":[{"href":"https:\/\/bpmkonsult.se\/sv\/wp-json\/wp\/v2\/media?parent=38"}],"curies":[{"name":"wp","href":"https:\/\/api.w.org\/{rel}","templated":true}]}}